{"id":18,"date":"2026-01-28T12:37:23","date_gmt":"2026-01-28T11:37:23","guid":{"rendered":"https:\/\/ms.zipov.sk\/?page_id=18"},"modified":"2026-04-29T11:30:10","modified_gmt":"2026-04-29T09:30:10","slug":"informacie-k-zapisu-deti-do-ms-zipov","status":"publish","type":"page","link":"https:\/\/ms.zipov.sk\/?page_id=18","title":{"rendered":"Z\u00e1pis"},"content":{"rendered":"\n<h2 class=\"wp-block-heading\">Inform\u00e1cie k z\u00e1pisu det\u00ed do M\u0160 \u017dipov <\/h2>\n\n\n\n<p><a href=\"https:\/\/ms.zipov.sk\/?page_id=169\" data-type=\"page\" data-id=\"169\" target=\"_blank\" rel=\"noreferrer noopener\">\u2022 Z\u00e1pis prebieha od 1.5.2026 do 30.5.2026<\/a><br><a href=\"https:\/\/ms.zipov.sk\/?page_id=169\" data-type=\"page\" data-id=\"169\" target=\"_blank\" rel=\"noreferrer noopener\">\u2022 Potvrdenie o zdravotnom stave die\u0165a\u0165a<\/a><br><a href=\"https:\/\/ms.zipov.sk\/?page_id=169\" data-type=\"page\" data-id=\"169\" target=\"_blank\" rel=\"noreferrer noopener\">\u2022 Prihl\u00e1\u0161ka na vzdel\u00e1vanie v materskej \u0161kole<\/a><\/p>\n\n\n\n<h2 class=\"wp-block-heading\">Do materskej \u0161koly mo\u017eno prija\u0165<\/h2>\n\n\n\n<p>&#8211; prednostne deti, pre ktor\u00e9 je plnenie predprim\u00e1rneho vzdel\u00e1vania povinn\u00e9. S \u00fa\u010dinnos\u0165ou od 1. septembra 2026 je pre ka\u017ed\u00e9 die\u0165a, ktor\u00e9 dosiahne p\u00e4\u0165 rokov veku do 31. augusta 2026, predprim\u00e1rne vzdel\u00e1vanie povinn\u00e9. &#8211; die\u0165a, ktor\u00e9mu bol rozhodnut\u00edm riadite\u013ea z\u00e1kladnej \u0161koly odlo\u017een\u00fd za\u010diatok plnenia povinnej \u0161kolskej doch\u00e1dzky, &#8211; die\u0165a, ktor\u00e9mu bolo rozhodnut\u00edm riadite\u013ea z\u00e1kladnej \u0161koly dodato\u010dne odlo\u017een\u00e9 plnenie povinnej \u0161kolskej doch\u00e1dzky, &#8211; die\u0165a od troch do \u0161iestich rokov veku, &#8211; die\u0165a, ktor\u00e9 m\u00e1 osvojen\u00e9 hygienick\u00e9 n\u00e1vyky, ovl\u00e1da z\u00e1kladn\u00e9 sebaobslu\u017en\u00e9 \u010dinnosti.<\/p>\n\n\n\n<h2 class=\"wp-block-heading\">Forma a priebeh z\u00e1pisu<\/h2>\n\n\n\n<p>&#8211; deti sa prij\u00edmaj\u00fa na z\u00e1klade elektronickej prihl\u00e1\u0161ky, ktor\u00fa je potrebn\u00e9 zasla\u0165 cez elektornick\u00fa schr\u00e1nku Slovensko.sk, ak rodi\u010d nevie , alebo nem\u00e1 mo\u017enos\u0165 posla\u0165 prihl\u00e1\u0161ku elektronicky, doru\u010d\u00ed ju v p\u00edsomnej forme, n\u00e1sledne riadite\u013e ju zad\u00e1 do elektronickej schr\u00e1nky<\/p>\n\n\n\n<p> &#8211; \u017eiados\u0165 o prijatie die\u0165a\u0165a do materskej \u0161koly si m\u00f4\u017ee z\u00e1konn\u00fd z\u00e1stupca stiahnu\u0165 z webovej str\u00e1nky obce \u017dipov, &#8211; z\u00e1konn\u00fd z\u00e1stupca kompletne vyplnen\u00fa prihl\u00e1\u0161ku m\u00f4\u017ee zasla\u0165 aj s potvrden\u00edm o zdravotnom stave die\u0165a\u0165a od v\u0161eobecn\u00e9ho lek\u00e1ra pre deti a dorast mailom ale po\u0161tou: e-mailova adresa: mszipov@gmail.com do predmetu uve\u010fte : \u201eZ\u00e1pis do M\u0160\u201c adresa: Matersk\u00e1 \u0161kola \u017dipov, \u017dipov 21, 082 41 Bajerov &#8211; poradie prihl\u00e1\u0161ok nezohr\u00e1va \u00falohu v prij\u00edman\u00ed die\u0165a\u0165a do M\u0160. &#8211; die\u0165a mlad\u0161ie ako 3 roky m\u00f4\u017ee by\u0165 prijat\u00e9 v pr\u00edpade vo\u013en\u00fdch kapac\u00edt a z\u00e1rove\u0148 mus\u00ed by\u0165 odplienkovan\u00e9, ovl\u00e1da\u0165 z\u00e1kladn\u00e9 sebaobslu\u017en\u00e9 \u010dinnosti.<\/p>\n\n\n\n<h2 class=\"wp-block-heading\">Prijatie\/neprijatie die\u0165a\u0165a<\/h2>\n\n\n\n<p>Po skon\u010den\u00ed z\u00e1pisu riadite\u013eka materskej \u0161koly rozhodne o prijat\u00ed resp. neprijat\u00ed die\u0165a\u0165a na predprim\u00e1rne vzdel\u00e1vanie pod\u013ea \u00a7 5 ods. 14 p\u00edsm. a) z\u00e1kona \u010d. 596\/2003 Z. z. o \u0161t\u00e1tnej spr\u00e1ve v \u0161kolstve a \u0161kolskej samospr\u00e1ve a o zmene a doplnen\u00ed niektor\u00fdch z\u00e1konov v znen\u00ed neskor\u0161\u00edch predpisov, v s\u00falade s \u00a7 59 ods. 4 z\u00e1kona \u010d. 245\/2008 Z. z. o v\u00fdchove a vzdel\u00e1van\u00ed (\u0161kolsk\u00fd z\u00e1kon) v znen\u00ed neskor\u0161\u00edch predpisov, v s\u00falade s \u00a7 5 ods. 4 p\u00edsm. a) vyhl\u00e1\u0161ky M\u0160 SR \u010d. 306\/2008 Z. z. o materskej \u0161kole, tak, \u017ee v elektronickej schr\u00e1nke uvedie poradie prijat\u00fdch a neprijat\u00fdch det\u00ed pod jednotliv\u00fdmi k\u00f3dmi, ktor\u00e9 obdr\u017eia rodi\u010dia<\/p>\n\n\n\n<p><\/p>\n","protected":false},"excerpt":{"rendered":"<p>Inform\u00e1cie k z\u00e1pisu det\u00ed do M\u0160 \u017dipov \u2022 Z\u00e1pis prebieha od 1.5.2026 do 30.5.2026\u2022 Potvrdenie o zdravotnom stave die\u0165a\u0165a\u2022 Prihl\u00e1\u0161ka na vzdel\u00e1vanie v materskej \u0161kole [&hellip;]<\/p>\n","protected":false},"author":1,"featured_media":0,"parent":0,"menu_order":0,"comment_status":"closed","ping_status":"closed","template":"","meta":{"footnotes":""},"class_list":["post-18","page","type-page","status-publish","hentry"],"_links":{"self":[{"href":"https:\/\/ms.zipov.sk\/index.php?rest_route=\/wp\/v2\/pages\/18","targetHints":{"allow":["GET"]}}],"collection":[{"href":"https:\/\/ms.zipov.sk\/index.php?rest_route=\/wp\/v2\/pages"}],"about":[{"href":"https:\/\/ms.zipov.sk\/index.php?rest_route=\/wp\/v2\/types\/page"}],"author":[{"embeddable":true,"href":"https:\/\/ms.zipov.sk\/index.php?rest_route=\/wp\/v2\/users\/1"}],"replies":[{"embeddable":true,"href":"https:\/\/ms.zipov.sk\/index.php?rest_route=%2Fwp%2Fv2%2Fcomments&post=18"}],"version-history":[{"count":8,"href":"https:\/\/ms.zipov.sk\/index.php?rest_route=\/wp\/v2\/pages\/18\/revisions"}],"predecessor-version":[{"id":299,"href":"https:\/\/ms.zipov.sk\/index.php?rest_route=\/wp\/v2\/pages\/18\/revisions\/299"}],"wp:attachment":[{"href":"https:\/\/ms.zipov.sk\/index.php?rest_route=%2Fwp%2Fv2%2Fmedia&parent=18"}],"curies":[{"name":"wp","href":"https:\/\/api.w.org\/{rel}","templated":true}]}}