{"id":25,"date":"2026-01-28T12:46:59","date_gmt":"2026-01-28T11:46:59","guid":{"rendered":"https:\/\/ms.zipov.sk\/?page_id=25"},"modified":"2026-02-04T12:11:39","modified_gmt":"2026-02-04T11:11:39","slug":"kontakt","status":"publish","type":"page","link":"https:\/\/ms.zipov.sk\/?page_id=25","title":{"rendered":"Kontakt"},"content":{"rendered":"\n<h2 class=\"wp-block-heading\">Riadite\u013e<\/h2>\n\n\n\n<p>Mgr. Lenka Pul\u00edkov\u00e1<\/p>\n\n\n\n<h2 class=\"wp-block-heading\">Pedagogick\u00ed pracovn\u00edci<\/h2>\n\n\n\n<p>Mgr. Lenka Pul\u00edkov\u00e1<\/p>\n\n\n\n<p>Mgr. Katar\u00edna Bartkov\u00e1<\/p>\n\n\n\n<h2 class=\"wp-block-heading\">Nepedagogick\u00ed pracovn\u00edci<\/h2>\n\n\n\n<p>Anna Maga\u010dov\u00e1 &#8211; kuch\u00e1rka<\/p>\n\n\n\n<p>M\u00e1ria Kostinsk\u00e1- upratova\u010dka<\/p>\n\n\n\n<h2 class=\"wp-block-heading\">Kontakt<\/h2>\n\n\n\n<p>tel.: 051\/7783 135<\/p>\n\n\n\n<p>e-mail: <a href=\"mailto:mszipov@gmail.com\">mszipov@gmail.com<\/a><\/p>\n\n\n\n<p><\/p>\n","protected":false},"excerpt":{"rendered":"<p>Riadite\u013e Mgr. Lenka Pul\u00edkov\u00e1 Pedagogick\u00ed pracovn\u00edci Mgr. Lenka Pul\u00edkov\u00e1 Mgr. Katar\u00edna Bartkov\u00e1 Nepedagogick\u00ed pracovn\u00edci Anna Maga\u010dov\u00e1 &#8211; kuch\u00e1rka M\u00e1ria Kostinsk\u00e1- upratova\u010dka Kontakt tel.: 051\/7783 135 [&hellip;]<\/p>\n","protected":false},"author":1,"featured_media":0,"parent":0,"menu_order":0,"comment_status":"closed","ping_status":"closed","template":"","meta":{"footnotes":""},"class_list":["post-25","page","type-page","status-publish","hentry"],"_links":{"self":[{"href":"https:\/\/ms.zipov.sk\/index.php?rest_route=\/wp\/v2\/pages\/25","targetHints":{"allow":["GET"]}}],"collection":[{"href":"https:\/\/ms.zipov.sk\/index.php?rest_route=\/wp\/v2\/pages"}],"about":[{"href":"https:\/\/ms.zipov.sk\/index.php?rest_route=\/wp\/v2\/types\/page"}],"author":[{"embeddable":true,"href":"https:\/\/ms.zipov.sk\/index.php?rest_route=\/wp\/v2\/users\/1"}],"replies":[{"embeddable":true,"href":"https:\/\/ms.zipov.sk\/index.php?rest_route=%2Fwp%2Fv2%2Fcomments&post=25"}],"version-history":[{"count":3,"href":"https:\/\/ms.zipov.sk\/index.php?rest_route=\/wp\/v2\/pages\/25\/revisions"}],"predecessor-version":[{"id":184,"href":"https:\/\/ms.zipov.sk\/index.php?rest_route=\/wp\/v2\/pages\/25\/revisions\/184"}],"wp:attachment":[{"href":"https:\/\/ms.zipov.sk\/index.php?rest_route=%2Fwp%2Fv2%2Fmedia&parent=25"}],"curies":[{"name":"wp","href":"https:\/\/api.w.org\/{rel}","templated":true}]}}